{"id":13264,"date":"2025-02-02T13:55:12","date_gmt":"2025-02-02T12:55:12","guid":{"rendered":"https:\/\/www.romeoviganotti.com\/?post_type=product&#038;p=13264"},"modified":"2025-02-02T14:13:24","modified_gmt":"2025-02-02T13:13:24","slug":"plateau-pralines-pour-la-saint-valentin","status":"publish","type":"product","link":"https:\/\/www.romeoviganotti.com\/fr\/prodotto\/plateau-pralines-pour-la-saint-valentin\/","title":{"rendered":"Plateau de la Saint-Valentin"},"content":{"rendered":"","protected":false},"excerpt":{"rendered":"<p>Une s\u00e9lection \u00e9l\u00e9gante de chocolats et de sp\u00e9cialit\u00e9s artisanales, parfaite pour un cadeau raffin\u00e9 ou un moment gourmand \u00e0 partager avec ceux que vous aimez.<\/p>\n<p>Le <strong>Plateau de la Saint-Valentin 2025<\/strong> a un protagoniste incontournable : le <strong>Cremino Saint-Valentin<\/strong>, une \u00e9dition limit\u00e9e qui associe framboise, chocolat noir et piment pili-pili, une vari\u00e9t\u00e9 <strong>d\u00e9licatement \u00e9pic\u00e9e<\/strong> qui sublime les saveurs sans les masquer, pour une exp\u00e9rience \u00e9quilibr\u00e9e et enveloppante.<\/p>\n<p>Le cremino est accompagn\u00e9 d\u2019une s\u00e9lection de pralines et de cr\u00e9ations traditionnelles de Viganotti, qui peuvent inclureperles de fraise, c\u0153ur \u00e0 la framboise, cremino ouvert, croccante dor\u00e9 et \u00e9corces d\u2019orange et de citron confites, selon la disponibilit\u00e9.<\/p>\n<p>Disponible en ligne et en boutique.<\/p>\n<p><em>N.B. Les images sont fournies \u00e0 titre indicatif : la composition peut varier en fonction des disponibilit\u00e9s.<\/em><br \/>\n<strong>Si vous choisissez le retrait en magasin, veuillez indiquer la date de retrait lors de votre commande.<\/strong><\/p>\n","protected":false},"featured_media":13269,"template":"","meta":{"_et_pb_use_builder":"","_et_pb_old_content":"","_et_gb_content_width":""},"product_brand":[],"product_cat":[271,285],"product_tag":[],"class_list":{"0":"post-13264","1":"product","2":"type-product","3":"status-publish","4":"has-post-thumbnail","6":"product_cat-emballages-et-boites","7":"product_cat-saint-valentin","9":"first","10":"outofstock","11":"shipping-taxable","12":"purchasable","13":"product-type-simple"},"jetpack_sharing_enabled":true,"_links":{"self":[{"href":"https:\/\/www.romeoviganotti.com\/fr\/wp-json\/wp\/v2\/product\/13264","targetHints":{"allow":["GET"]}}],"collection":[{"href":"https:\/\/www.romeoviganotti.com\/fr\/wp-json\/wp\/v2\/product"}],"about":[{"href":"https:\/\/www.romeoviganotti.com\/fr\/wp-json\/wp\/v2\/types\/product"}],"wp:featuredmedia":[{"embeddable":true,"href":"https:\/\/www.romeoviganotti.com\/fr\/wp-json\/wp\/v2\/media\/13269"}],"wp:attachment":[{"href":"https:\/\/www.romeoviganotti.com\/fr\/wp-json\/wp\/v2\/media?parent=13264"}],"wp:term":[{"taxonomy":"product_brand","embeddable":true,"href":"https:\/\/www.romeoviganotti.com\/fr\/wp-json\/wp\/v2\/product_brand?post=13264"},{"taxonomy":"product_cat","embeddable":true,"href":"https:\/\/www.romeoviganotti.com\/fr\/wp-json\/wp\/v2\/product_cat?post=13264"},{"taxonomy":"product_tag","embeddable":true,"href":"https:\/\/www.romeoviganotti.com\/fr\/wp-json\/wp\/v2\/product_tag?post=13264"}],"curies":[{"name":"wp","href":"https:\/\/api.w.org\/{rel}","templated":true}]}}