{"id":13023,"date":"2024-11-20T17:59:01","date_gmt":"2024-11-20T16:59:01","guid":{"rendered":"https:\/\/www.romeoviganotti.com\/?post_type=product&#038;p=13023"},"modified":"2025-11-14T12:17:02","modified_gmt":"2025-11-14T11:17:02","slug":"calendrier-de-lavent","status":"publish","type":"product","link":"https:\/\/www.romeoviganotti.com\/fr\/prodotto\/calendrier-de-lavent\/","title":{"rendered":"Calendrier de l&rsquo;Avent enfants"},"content":{"rendered":"<p class=\"p1\">Le calendrier de l&rsquo;Avent de Viganotti rend l&rsquo;attente de No\u00ebl plus douce.<span class=\"Apple-converted-space\"> <\/span>Qu&rsquo;y trouvez-vous ? Un monde de chocolats assortis : noisette, boeri, noix de coco, figue, banane !<\/p>\n","protected":false},"excerpt":{"rendered":"<p>Le calendrier de l\u2019Avent Viganotti pour les plus petits rend l\u2019attente de No\u00ebl encore plus douce. <\/p>\n<p>Derri\u00e8re chaque petite fen\u00eatre se cache une cr\u00e9ation artisanale : chaque jour, une nouvelle surprise pour rendre l\u2019attente de No\u00ebl encore plus d\u00e9licieuse.<\/p>\n","protected":false},"featured_media":14736,"template":"","meta":{"_et_pb_use_builder":"","_et_pb_old_content":"","_et_gb_content_width":""},"product_brand":[],"product_cat":[270,271,273],"product_tag":[],"class_list":{"0":"post-13023","1":"product","2":"type-product","3":"status-publish","4":"has-post-thumbnail","6":"product_cat-chocolat","7":"product_cat-emballages-et-boites","8":"product_cat-noel","10":"first","11":"outofstock","12":"shipping-taxable","13":"purchasable","14":"product-type-simple"},"jetpack_sharing_enabled":true,"_links":{"self":[{"href":"https:\/\/www.romeoviganotti.com\/fr\/wp-json\/wp\/v2\/product\/13023","targetHints":{"allow":["GET"]}}],"collection":[{"href":"https:\/\/www.romeoviganotti.com\/fr\/wp-json\/wp\/v2\/product"}],"about":[{"href":"https:\/\/www.romeoviganotti.com\/fr\/wp-json\/wp\/v2\/types\/product"}],"wp:featuredmedia":[{"embeddable":true,"href":"https:\/\/www.romeoviganotti.com\/fr\/wp-json\/wp\/v2\/media\/14736"}],"wp:attachment":[{"href":"https:\/\/www.romeoviganotti.com\/fr\/wp-json\/wp\/v2\/media?parent=13023"}],"wp:term":[{"taxonomy":"product_brand","embeddable":true,"href":"https:\/\/www.romeoviganotti.com\/fr\/wp-json\/wp\/v2\/product_brand?post=13023"},{"taxonomy":"product_cat","embeddable":true,"href":"https:\/\/www.romeoviganotti.com\/fr\/wp-json\/wp\/v2\/product_cat?post=13023"},{"taxonomy":"product_tag","embeddable":true,"href":"https:\/\/www.romeoviganotti.com\/fr\/wp-json\/wp\/v2\/product_tag?post=13023"}],"curies":[{"name":"wp","href":"https:\/\/api.w.org\/{rel}","templated":true}]}}