{"id":11883,"date":"2021-01-25T09:00:44","date_gmt":"2023-11-14T15:04:33","guid":{"rendered":"https:\/\/www.romeoviganotti.com\/prodotto\/scrigno-san-valentino\/"},"modified":"2023-11-14T16:04:33","modified_gmt":"2023-11-14T15:04:33","slug":"scrigno-san-valentino","status":"publish","type":"product","link":"https:\/\/www.romeoviganotti.com\/fr\/prodotto\/scrigno-san-valentino\/","title":{"rendered":"Cercueil de la Saint-Valentin"},"content":{"rendered":"","protected":false},"excerpt":{"rendered":"<p><span style=\"font-weight: 400\">La plus douce des pens\u00e9es, le plus grand des \u00e9tonnements.<\/span><span style=\"font-weight: 400\"><br \/>\n<\/span><span style=\"font-weight: 400\">Les pralines de Viganotti, fruit d&rsquo;un travail patient et minutieux, sont plac\u00e9es dans un spectaculaire \u00e9crin de chocolat noir ou au lait en forme de c\u0153ur, \u00ab\u00a0brod\u00e9\u00a0\u00bb de pr\u00e9cieux chocolat blanc.<\/span><span style=\"font-weight: 400\"><br \/>\n<\/span><span style=\"font-weight: 400\">Dans la bo\u00eete, vous trouverez les pralines les plus embl\u00e9matiques et les plus sensuelles que nous produisons : petit chapeau, cremini (ouvert et ferm\u00e9), fondants (violette, rose, noix de coco, menthe, citron et framboise).<\/span><\/p>\n<p><em>N.B. Les images sont incluses \u00e0 des fins d&rsquo;illustration uniquement. Le contenu de la bo\u00eete peut ne pas correspondre \u00e0 celui illustr\u00e9.<\/em><\/p>\n<p class=\"p1\"><strong>En cas de retrait en magasin, veuillez indiquer le jour du retrait.<\/strong><\/p>\n","protected":false},"featured_media":11886,"template":"","meta":{"_et_pb_use_builder":"","_et_pb_old_content":"","_et_gb_content_width":""},"product_brand":[],"product_cat":[271,285],"product_tag":[],"class_list":{"0":"post-11883","1":"product","2":"type-product","3":"status-publish","4":"has-post-thumbnail","6":"product_cat-emballages-et-boites","7":"product_cat-saint-valentin","9":"first","10":"outofstock","11":"shipping-taxable","12":"purchasable","13":"product-type-variable"},"jetpack_sharing_enabled":true,"_links":{"self":[{"href":"https:\/\/www.romeoviganotti.com\/fr\/wp-json\/wp\/v2\/product\/11883","targetHints":{"allow":["GET"]}}],"collection":[{"href":"https:\/\/www.romeoviganotti.com\/fr\/wp-json\/wp\/v2\/product"}],"about":[{"href":"https:\/\/www.romeoviganotti.com\/fr\/wp-json\/wp\/v2\/types\/product"}],"wp:featuredmedia":[{"embeddable":true,"href":"https:\/\/www.romeoviganotti.com\/fr\/wp-json\/wp\/v2\/media\/11886"}],"wp:attachment":[{"href":"https:\/\/www.romeoviganotti.com\/fr\/wp-json\/wp\/v2\/media?parent=11883"}],"wp:term":[{"taxonomy":"product_brand","embeddable":true,"href":"https:\/\/www.romeoviganotti.com\/fr\/wp-json\/wp\/v2\/product_brand?post=11883"},{"taxonomy":"product_cat","embeddable":true,"href":"https:\/\/www.romeoviganotti.com\/fr\/wp-json\/wp\/v2\/product_cat?post=11883"},{"taxonomy":"product_tag","embeddable":true,"href":"https:\/\/www.romeoviganotti.com\/fr\/wp-json\/wp\/v2\/product_tag?post=11883"}],"curies":[{"name":"wp","href":"https:\/\/api.w.org\/{rel}","templated":true}]}}