{"id":11776,"date":"2025-01-25T08:46:39","date_gmt":"2025-01-25T07:46:39","guid":{"rendered":"https:\/\/www.romeoviganotti.com\/prodotto\/boite-praline-san-valentine\/"},"modified":"2025-02-02T14:07:39","modified_gmt":"2025-02-02T13:07:39","slug":"boite-praline-san-valentine","status":"publish","type":"product","link":"https:\/\/www.romeoviganotti.com\/fr\/prodotto\/boite-praline-san-valentine\/","title":{"rendered":"\u00c9crin de la Saint-Valentin"},"content":{"rendered":"","protected":false},"excerpt":{"rendered":"<p>L\u2019art de la chocolaterie Viganotti r\u00e9uni dans un \u00e9crin con\u00e7u pour \u00e9merveiller ceux que vous aimez.<\/p>\n<p>\u00c0 l\u2019int\u00e9rieur de l\u2019<strong>\u00c9crin de la Saint-Valentin<\/strong>, d\u00e9couvrez une s\u00e9lection raffin\u00e9e de chocolats et de sp\u00e9cialit\u00e9s artisanales, comme <strong>perles de fraise, c\u0153ur \u00e0 la framboise, cremino ouvert, croccante dor\u00e9 et \u00e9corces d\u2019orange et de citron confites<\/strong>, selon la disponibilit\u00e9.<\/p>\n<p>La star de cette<strong> \u00e9dition 2025<\/strong> est le<strong> Cremino Saint-Valentin<\/strong>, une alliance d\u00e9licate entre framboise, chocolat noir et piment pili-pili, une vari\u00e9t\u00e9 <strong>subtilement \u00e9pic\u00e9e<\/strong> qui rel\u00e8ve les saveurs sans les dominer. Un \u00e9quilibre parfait entre douceur et caract\u00e8re.<\/p>\n<p>Disponible en ligne et en boutique.<\/p>\n<p><em>N.B. Les images sont fournies \u00e0 titre indicatif : la composition peut varier en fonction des disponibilit\u00e9s.<\/em><br \/>\n<strong>Si vous choisissez le retrait en magasin, veuillez indiquer la date de retrait lors de votre commande.<\/strong><\/p>\n","protected":false},"featured_media":15118,"template":"","meta":{"_et_pb_use_builder":"off","_et_pb_old_content":"","_et_gb_content_width":""},"product_brand":[],"product_cat":[271,285],"product_tag":[],"class_list":{"0":"post-11776","1":"product","2":"type-product","3":"status-publish","4":"has-post-thumbnail","6":"product_cat-emballages-et-boites","7":"product_cat-saint-valentin","9":"first","10":"outofstock","11":"shipping-taxable","12":"purchasable","13":"product-type-variable"},"jetpack_sharing_enabled":true,"_links":{"self":[{"href":"https:\/\/www.romeoviganotti.com\/fr\/wp-json\/wp\/v2\/product\/11776","targetHints":{"allow":["GET"]}}],"collection":[{"href":"https:\/\/www.romeoviganotti.com\/fr\/wp-json\/wp\/v2\/product"}],"about":[{"href":"https:\/\/www.romeoviganotti.com\/fr\/wp-json\/wp\/v2\/types\/product"}],"wp:featuredmedia":[{"embeddable":true,"href":"https:\/\/www.romeoviganotti.com\/fr\/wp-json\/wp\/v2\/media\/15118"}],"wp:attachment":[{"href":"https:\/\/www.romeoviganotti.com\/fr\/wp-json\/wp\/v2\/media?parent=11776"}],"wp:term":[{"taxonomy":"product_brand","embeddable":true,"href":"https:\/\/www.romeoviganotti.com\/fr\/wp-json\/wp\/v2\/product_brand?post=11776"},{"taxonomy":"product_cat","embeddable":true,"href":"https:\/\/www.romeoviganotti.com\/fr\/wp-json\/wp\/v2\/product_cat?post=11776"},{"taxonomy":"product_tag","embeddable":true,"href":"https:\/\/www.romeoviganotti.com\/fr\/wp-json\/wp\/v2\/product_tag?post=11776"}],"curies":[{"name":"wp","href":"https:\/\/api.w.org\/{rel}","templated":true}]}}