{"id":11555,"date":"2021-10-27T16:30:40","date_gmt":"2021-10-27T14:30:40","guid":{"rendered":"https:\/\/www.romeoviganotti.com\/prodotto\/bar-chocolat-feves-a-bar-republique-dominicaine-100\/"},"modified":"2023-11-14T16:00:22","modified_gmt":"2023-11-14T15:00:22","slug":"bar-chocolat-feves-a-bar-republique-dominicaine-100","status":"publish","type":"product","link":"https:\/\/www.romeoviganotti.com\/fr\/prodotto\/bar-chocolat-feves-a-bar-republique-dominicaine-100\/","title":{"rendered":"Bean to Bar Barre de chocolat noir 100% R\u00e9publique dominicaine"},"content":{"rendered":"","protected":false},"excerpt":{"rendered":"<p><span style=\"font-weight: 400;\">Le chocolat qui sort de l&rsquo;\u00eele des Cara\u00efbes est un produit savoureux et docile. Compl\u00e8tement diff\u00e9rent des autres cacaos des r\u00e9gions voisines, il se distingue par la rondeur de sa saveur et ses notes fra\u00eeches et d\u00e9licates. Un pourcentage important qui est cependant tr\u00e8s aimable.  <\/span><span style=\"font-weight: 400;\"><br \/>\n<\/span><\/p>\n","protected":false},"featured_media":11562,"template":"","meta":{"_et_pb_use_builder":"off","_et_pb_old_content":"","_et_gb_content_width":""},"product_brand":[],"product_cat":[277],"product_tag":[],"class_list":{"0":"post-11555","1":"product","2":"type-product","3":"status-publish","4":"has-post-thumbnail","6":"product_cat-chocolat-de-la-feve-a-la-barre","8":"first","9":"outofstock","10":"shipping-taxable","11":"purchasable","12":"product-type-simple"},"jetpack_sharing_enabled":true,"_links":{"self":[{"href":"https:\/\/www.romeoviganotti.com\/fr\/wp-json\/wp\/v2\/product\/11555","targetHints":{"allow":["GET"]}}],"collection":[{"href":"https:\/\/www.romeoviganotti.com\/fr\/wp-json\/wp\/v2\/product"}],"about":[{"href":"https:\/\/www.romeoviganotti.com\/fr\/wp-json\/wp\/v2\/types\/product"}],"wp:featuredmedia":[{"embeddable":true,"href":"https:\/\/www.romeoviganotti.com\/fr\/wp-json\/wp\/v2\/media\/11562"}],"wp:attachment":[{"href":"https:\/\/www.romeoviganotti.com\/fr\/wp-json\/wp\/v2\/media?parent=11555"}],"wp:term":[{"taxonomy":"product_brand","embeddable":true,"href":"https:\/\/www.romeoviganotti.com\/fr\/wp-json\/wp\/v2\/product_brand?post=11555"},{"taxonomy":"product_cat","embeddable":true,"href":"https:\/\/www.romeoviganotti.com\/fr\/wp-json\/wp\/v2\/product_cat?post=11555"},{"taxonomy":"product_tag","embeddable":true,"href":"https:\/\/www.romeoviganotti.com\/fr\/wp-json\/wp\/v2\/product_tag?post=11555"}],"curies":[{"name":"wp","href":"https:\/\/api.w.org\/{rel}","templated":true}]}}