{"id":11538,"date":"2021-10-27T20:51:01","date_gmt":"2021-10-27T18:51:01","guid":{"rendered":"https:\/\/www.romeoviganotti.com\/prodotto\/bar-chocolat-bean-to-bar-nicaragua-nugu-100\/"},"modified":"2023-11-14T16:00:21","modified_gmt":"2023-11-14T15:00:21","slug":"bar-chocolat-bean-to-bar-nicaragua-nugu-100","status":"publish","type":"product","link":"https:\/\/www.romeoviganotti.com\/fr\/prodotto\/bar-chocolat-bean-to-bar-nicaragua-nugu-100\/","title":{"rendered":"Bean to Bar Barre de chocolat noir Nicaragua Nugu 100%"},"content":{"rendered":"","protected":false},"excerpt":{"rendered":"<p><span style=\"font-weight: 400;\">Chocolat du Nicaragua, saveur enveloppante et \u00e9quilibr\u00e9e. A d\u00e9guster pour recharger les batteries ou \u00e0 associer \u00e0 un bon chinato.<\/span><\/p>\n","protected":false},"featured_media":11543,"template":"","meta":{"_et_pb_use_builder":"off","_et_pb_old_content":"","_et_gb_content_width":""},"product_brand":[],"product_cat":[277],"product_tag":[],"class_list":{"0":"post-11538","1":"product","2":"type-product","3":"status-publish","4":"has-post-thumbnail","6":"product_cat-chocolat-de-la-feve-a-la-barre","8":"first","9":"outofstock","10":"shipping-taxable","11":"purchasable","12":"product-type-simple"},"jetpack_sharing_enabled":true,"_links":{"self":[{"href":"https:\/\/www.romeoviganotti.com\/fr\/wp-json\/wp\/v2\/product\/11538","targetHints":{"allow":["GET"]}}],"collection":[{"href":"https:\/\/www.romeoviganotti.com\/fr\/wp-json\/wp\/v2\/product"}],"about":[{"href":"https:\/\/www.romeoviganotti.com\/fr\/wp-json\/wp\/v2\/types\/product"}],"wp:featuredmedia":[{"embeddable":true,"href":"https:\/\/www.romeoviganotti.com\/fr\/wp-json\/wp\/v2\/media\/11543"}],"wp:attachment":[{"href":"https:\/\/www.romeoviganotti.com\/fr\/wp-json\/wp\/v2\/media?parent=11538"}],"wp:term":[{"taxonomy":"product_brand","embeddable":true,"href":"https:\/\/www.romeoviganotti.com\/fr\/wp-json\/wp\/v2\/product_brand?post=11538"},{"taxonomy":"product_cat","embeddable":true,"href":"https:\/\/www.romeoviganotti.com\/fr\/wp-json\/wp\/v2\/product_cat?post=11538"},{"taxonomy":"product_tag","embeddable":true,"href":"https:\/\/www.romeoviganotti.com\/fr\/wp-json\/wp\/v2\/product_tag?post=11538"}],"curies":[{"name":"wp","href":"https:\/\/api.w.org\/{rel}","templated":true}]}}