{"id":11507,"date":"2021-10-27T21:19:25","date_gmt":"2023-11-14T14:59:42","guid":{"rendered":"https:\/\/www.romeoviganotti.com\/prodotto\/table-a-fondre-le-chocolat-70\/"},"modified":"2023-11-14T15:59:42","modified_gmt":"2023-11-14T14:59:42","slug":"table-a-fondre-le-chocolat-70","status":"publish","type":"product","link":"https:\/\/www.romeoviganotti.com\/fr\/prodotto\/table-a-fondre-le-chocolat-70\/","title":{"rendered":"Barre de chocolat noir 70"},"content":{"rendered":"","protected":false},"excerpt":{"rendered":"<p><span style=\"font-weight: 400;\">Un classique dans la tradition du chocolat Viganotti. Le m\u00e9lange noir est le r\u00e9sultat d&rsquo;un m\u00e9lange de diff\u00e9rentes vari\u00e9t\u00e9s de cacao, mais surtout de l&rsquo;art de la fabrication du chocolat Viganotti, transmis de g\u00e9n\u00e9ration en g\u00e9n\u00e9ration. La variante 70% constitue le type de chocolat noir le plus \u00e9quilibr\u00e9 et le plus repr\u00e9sentatif.  <\/span><\/p>\n","protected":false},"featured_media":11509,"template":"","meta":{"_et_pb_use_builder":"off","_et_pb_old_content":"","_et_gb_content_width":""},"product_brand":[],"product_cat":[270],"product_tag":[],"class_list":{"0":"post-11507","1":"product","2":"type-product","3":"status-publish","4":"has-post-thumbnail","6":"product_cat-chocolat","8":"first","9":"instock","10":"shipping-taxable","11":"purchasable","12":"product-type-variable"},"jetpack_sharing_enabled":true,"_links":{"self":[{"href":"https:\/\/www.romeoviganotti.com\/fr\/wp-json\/wp\/v2\/product\/11507","targetHints":{"allow":["GET"]}}],"collection":[{"href":"https:\/\/www.romeoviganotti.com\/fr\/wp-json\/wp\/v2\/product"}],"about":[{"href":"https:\/\/www.romeoviganotti.com\/fr\/wp-json\/wp\/v2\/types\/product"}],"wp:featuredmedia":[{"embeddable":true,"href":"https:\/\/www.romeoviganotti.com\/fr\/wp-json\/wp\/v2\/media\/11509"}],"wp:attachment":[{"href":"https:\/\/www.romeoviganotti.com\/fr\/wp-json\/wp\/v2\/media?parent=11507"}],"wp:term":[{"taxonomy":"product_brand","embeddable":true,"href":"https:\/\/www.romeoviganotti.com\/fr\/wp-json\/wp\/v2\/product_brand?post=11507"},{"taxonomy":"product_cat","embeddable":true,"href":"https:\/\/www.romeoviganotti.com\/fr\/wp-json\/wp\/v2\/product_cat?post=11507"},{"taxonomy":"product_tag","embeddable":true,"href":"https:\/\/www.romeoviganotti.com\/fr\/wp-json\/wp\/v2\/product_tag?post=11507"}],"curies":[{"name":"wp","href":"https:\/\/api.w.org\/{rel}","templated":true}]}}