{"id":11493,"date":"2021-10-27T21:07:28","date_gmt":"2021-10-27T19:07:28","guid":{"rendered":"https:\/\/www.romeoviganotti.com\/prodotto\/bar-chocolat-feves-a-bar-tanzanie-kamili-80\/"},"modified":"2023-11-14T15:59:39","modified_gmt":"2023-11-14T14:59:39","slug":"bar-chocolat-feves-a-bar-tanzanie-kamili-80","status":"publish","type":"product","link":"https:\/\/www.romeoviganotti.com\/fr\/prodotto\/bar-chocolat-feves-a-bar-tanzanie-kamili-80\/","title":{"rendered":"Barre de chocolat noir Bean to Bar Tanzanie Kamili 80%"},"content":{"rendered":"","protected":false},"excerpt":{"rendered":"<p><span style=\"font-weight: 400;\">Chocolat africain typique. On pourrait dire L&rsquo;exception qui confirme la r\u00e8gle. Dans la plupart des cas, les Africains manquent de caract\u00e9ristiques particuli\u00e8res et d&rsquo;acidit\u00e9. Le Kamili, quant \u00e0 lui, semble s&rsquo;envoler un peu d&rsquo;Am\u00e9rique centrale pour nous offrir des ar\u00f4mes intenses, peu bois\u00e9s et tanniques.  <\/span><span style=\"font-weight: 400;\"><br \/>\n<\/span><\/p>\n","protected":false},"featured_media":11498,"template":"","meta":{"_et_pb_use_builder":"off","_et_pb_old_content":"","_et_gb_content_width":""},"product_brand":[],"product_cat":[277],"product_tag":[],"class_list":{"0":"post-11493","1":"product","2":"type-product","3":"status-publish","4":"has-post-thumbnail","6":"product_cat-chocolat-de-la-feve-a-la-barre","8":"first","9":"outofstock","10":"shipping-taxable","11":"purchasable","12":"product-type-simple"},"jetpack_sharing_enabled":true,"_links":{"self":[{"href":"https:\/\/www.romeoviganotti.com\/fr\/wp-json\/wp\/v2\/product\/11493","targetHints":{"allow":["GET"]}}],"collection":[{"href":"https:\/\/www.romeoviganotti.com\/fr\/wp-json\/wp\/v2\/product"}],"about":[{"href":"https:\/\/www.romeoviganotti.com\/fr\/wp-json\/wp\/v2\/types\/product"}],"wp:featuredmedia":[{"embeddable":true,"href":"https:\/\/www.romeoviganotti.com\/fr\/wp-json\/wp\/v2\/media\/11498"}],"wp:attachment":[{"href":"https:\/\/www.romeoviganotti.com\/fr\/wp-json\/wp\/v2\/media?parent=11493"}],"wp:term":[{"taxonomy":"product_brand","embeddable":true,"href":"https:\/\/www.romeoviganotti.com\/fr\/wp-json\/wp\/v2\/product_brand?post=11493"},{"taxonomy":"product_cat","embeddable":true,"href":"https:\/\/www.romeoviganotti.com\/fr\/wp-json\/wp\/v2\/product_cat?post=11493"},{"taxonomy":"product_tag","embeddable":true,"href":"https:\/\/www.romeoviganotti.com\/fr\/wp-json\/wp\/v2\/product_tag?post=11493"}],"curies":[{"name":"wp","href":"https:\/\/api.w.org\/{rel}","templated":true}]}}