{"id":11404,"date":"2021-10-28T08:29:03","date_gmt":"2021-10-28T06:29:03","guid":{"rendered":"https:\/\/www.romeoviganotti.com\/prodotto\/paquet-marron-glace\/"},"modified":"2023-11-14T15:59:34","modified_gmt":"2023-11-14T14:59:34","slug":"paquet-marron-glace","status":"publish","type":"product","link":"https:\/\/www.romeoviganotti.com\/fr\/prodotto\/paquet-marron-glace\/","title":{"rendered":"Pack Marron glac\u00e9"},"content":{"rendered":"","protected":false},"excerpt":{"rendered":"<p>Un emballage qui contient des marrons glac\u00e9s pr\u00e9par\u00e9s par nous avec un traitement lent \u00e0 partir des meilleurs marrons. Un Viganotti classique.<\/p>\n","protected":false},"featured_media":11407,"template":"","meta":{"_et_pb_use_builder":"off","_et_pb_old_content":"","_et_gb_content_width":""},"product_brand":[],"product_cat":[271,273],"product_tag":[],"class_list":{"0":"post-11404","1":"product","2":"type-product","3":"status-publish","4":"has-post-thumbnail","6":"product_cat-emballages-et-boites","7":"product_cat-noel","9":"first","10":"outofstock","11":"shipping-taxable","12":"purchasable","13":"product-type-variable"},"jetpack_sharing_enabled":true,"_links":{"self":[{"href":"https:\/\/www.romeoviganotti.com\/fr\/wp-json\/wp\/v2\/product\/11404","targetHints":{"allow":["GET"]}}],"collection":[{"href":"https:\/\/www.romeoviganotti.com\/fr\/wp-json\/wp\/v2\/product"}],"about":[{"href":"https:\/\/www.romeoviganotti.com\/fr\/wp-json\/wp\/v2\/types\/product"}],"wp:featuredmedia":[{"embeddable":true,"href":"https:\/\/www.romeoviganotti.com\/fr\/wp-json\/wp\/v2\/media\/11407"}],"wp:attachment":[{"href":"https:\/\/www.romeoviganotti.com\/fr\/wp-json\/wp\/v2\/media?parent=11404"}],"wp:term":[{"taxonomy":"product_brand","embeddable":true,"href":"https:\/\/www.romeoviganotti.com\/fr\/wp-json\/wp\/v2\/product_brand?post=11404"},{"taxonomy":"product_cat","embeddable":true,"href":"https:\/\/www.romeoviganotti.com\/fr\/wp-json\/wp\/v2\/product_cat?post=11404"},{"taxonomy":"product_tag","embeddable":true,"href":"https:\/\/www.romeoviganotti.com\/fr\/wp-json\/wp\/v2\/product_tag?post=11404"}],"curies":[{"name":"wp","href":"https:\/\/api.w.org\/{rel}","templated":true}]}}