{"id":11403,"date":"2021-10-28T08:18:42","date_gmt":"2021-10-28T06:18:42","guid":{"rendered":"https:\/\/www.romeoviganotti.com\/prodotto\/collection-bean-to-bar\/"},"modified":"2023-11-14T15:59:34","modified_gmt":"2023-11-14T14:59:34","slug":"collection-bean-to-bar","status":"publish","type":"product","link":"https:\/\/www.romeoviganotti.com\/fr\/prodotto\/collection-bean-to-bar\/","title":{"rendered":"Collection de chocolats de la f\u00e8ve \u00e0 la barre"},"content":{"rendered":"","protected":false},"excerpt":{"rendered":"<div>Du haricot au bar, c&rsquo;est-\u00e0-dire du haricot au bar. Cela signifie que nous prenons soin de chaque \u00e9tape de la transformation, en commen\u00e7ant par les f\u00e8ves de cacao que nous s\u00e9lectionnons personnellement aupr\u00e8s de fournisseurs de confiance, afin d&rsquo;obtenir des tablettes de chocolat <strong>artisanales d&rsquo;origine unique<\/strong> qui offrent les nuances de chocolat les plus authentiques. Le pack de <strong>d\u00e9gustation de chocolat \u00ab\u00a0bean to bar <\/strong>\u00a0\u00bb contient 5 tablettes diff\u00e9rentes.<\/div>\n","protected":false},"featured_media":11408,"template":"","meta":{"_et_pb_use_builder":"off","_et_pb_old_content":"","_et_gb_content_width":""},"product_brand":[],"product_cat":[277,271,273],"product_tag":[],"class_list":{"0":"post-11403","1":"product","2":"type-product","3":"status-publish","4":"has-post-thumbnail","6":"product_cat-chocolat-de-la-feve-a-la-barre","7":"product_cat-emballages-et-boites","8":"product_cat-noel","10":"first","11":"outofstock","12":"shipping-taxable","13":"purchasable","14":"product-type-simple"},"jetpack_sharing_enabled":true,"_links":{"self":[{"href":"https:\/\/www.romeoviganotti.com\/fr\/wp-json\/wp\/v2\/product\/11403","targetHints":{"allow":["GET"]}}],"collection":[{"href":"https:\/\/www.romeoviganotti.com\/fr\/wp-json\/wp\/v2\/product"}],"about":[{"href":"https:\/\/www.romeoviganotti.com\/fr\/wp-json\/wp\/v2\/types\/product"}],"wp:featuredmedia":[{"embeddable":true,"href":"https:\/\/www.romeoviganotti.com\/fr\/wp-json\/wp\/v2\/media\/11408"}],"wp:attachment":[{"href":"https:\/\/www.romeoviganotti.com\/fr\/wp-json\/wp\/v2\/media?parent=11403"}],"wp:term":[{"taxonomy":"product_brand","embeddable":true,"href":"https:\/\/www.romeoviganotti.com\/fr\/wp-json\/wp\/v2\/product_brand?post=11403"},{"taxonomy":"product_cat","embeddable":true,"href":"https:\/\/www.romeoviganotti.com\/fr\/wp-json\/wp\/v2\/product_cat?post=11403"},{"taxonomy":"product_tag","embeddable":true,"href":"https:\/\/www.romeoviganotti.com\/fr\/wp-json\/wp\/v2\/product_tag?post=11403"}],"curies":[{"name":"wp","href":"https:\/\/api.w.org\/{rel}","templated":true}]}}