{"id":11400,"date":"2021-10-27T21:32:20","date_gmt":"2023-11-14T14:59:34","guid":{"rendered":"https:\/\/www.romeoviganotti.com\/prodotto\/barre-de-chocolat-au-lait\/"},"modified":"2023-11-14T15:59:34","modified_gmt":"2023-11-14T14:59:34","slug":"barre-de-chocolat-au-lait","status":"publish","type":"product","link":"https:\/\/www.romeoviganotti.com\/fr\/prodotto\/barre-de-chocolat-au-lait\/","title":{"rendered":"Barre de chocolat au lait"},"content":{"rendered":"","protected":false},"excerpt":{"rendered":"<p><span style=\"font-weight: 400;\">Barre de chocolat au lait : un grand classique pour tous ceux qui n&rsquo;aiment pas les go\u00fbts amers. Dans la tablette Viganotti, la tradition et la qualit\u00e9 se rencontrent pour donner naissance \u00e0 une saveur unique et inimitable.  <\/span><\/p>\n","protected":false},"featured_media":11405,"template":"","meta":{"_et_pb_use_builder":"off","_et_pb_old_content":"","_et_gb_content_width":""},"product_brand":[],"product_cat":[270],"product_tag":[],"class_list":{"0":"post-11400","1":"product","2":"type-product","3":"status-publish","4":"has-post-thumbnail","6":"product_cat-chocolat","8":"first","9":"instock","10":"shipping-taxable","11":"purchasable","12":"product-type-variable"},"jetpack_sharing_enabled":true,"_links":{"self":[{"href":"https:\/\/www.romeoviganotti.com\/fr\/wp-json\/wp\/v2\/product\/11400","targetHints":{"allow":["GET"]}}],"collection":[{"href":"https:\/\/www.romeoviganotti.com\/fr\/wp-json\/wp\/v2\/product"}],"about":[{"href":"https:\/\/www.romeoviganotti.com\/fr\/wp-json\/wp\/v2\/types\/product"}],"wp:featuredmedia":[{"embeddable":true,"href":"https:\/\/www.romeoviganotti.com\/fr\/wp-json\/wp\/v2\/media\/11405"}],"wp:attachment":[{"href":"https:\/\/www.romeoviganotti.com\/fr\/wp-json\/wp\/v2\/media?parent=11400"}],"wp:term":[{"taxonomy":"product_brand","embeddable":true,"href":"https:\/\/www.romeoviganotti.com\/fr\/wp-json\/wp\/v2\/product_brand?post=11400"},{"taxonomy":"product_cat","embeddable":true,"href":"https:\/\/www.romeoviganotti.com\/fr\/wp-json\/wp\/v2\/product_cat?post=11400"},{"taxonomy":"product_tag","embeddable":true,"href":"https:\/\/www.romeoviganotti.com\/fr\/wp-json\/wp\/v2\/product_tag?post=11400"}],"curies":[{"name":"wp","href":"https:\/\/api.w.org\/{rel}","templated":true}]}}