{"id":11373,"date":"2021-10-27T21:58:27","date_gmt":"2021-10-27T19:58:27","guid":{"rendered":"https:\/\/www.romeoviganotti.com\/prodotto\/cube-de-dragees\/"},"modified":"2023-11-14T15:59:33","modified_gmt":"2023-11-14T14:59:33","slug":"cube-de-dragees","status":"publish","type":"product","link":"https:\/\/www.romeoviganotti.com\/fr\/prodotto\/cube-de-dragees\/","title":{"rendered":"Cube de drag\u00e9es"},"content":{"rendered":"","protected":false},"excerpt":{"rendered":"<div>A l&rsquo;int\u00e9rieur, un m\u00e9lange de lait, de blanc et de drag\u00e9es fondantes. Pour terminer, quatre mendiants, disques de chocolat d\u00e9cor\u00e9s de fruits secs ou confits, typiques des p\u00e2tisseries fran\u00e7aises.<\/div>\n","protected":false},"featured_media":11380,"template":"","meta":{"_et_pb_use_builder":"off","_et_pb_old_content":"","_et_gb_content_width":""},"product_brand":[],"product_cat":[271,273],"product_tag":[],"class_list":{"0":"post-11373","1":"product","2":"type-product","3":"status-publish","4":"has-post-thumbnail","6":"product_cat-emballages-et-boites","7":"product_cat-noel","9":"first","10":"outofstock","11":"shipping-taxable","12":"purchasable","13":"product-type-simple"},"jetpack_sharing_enabled":true,"_links":{"self":[{"href":"https:\/\/www.romeoviganotti.com\/fr\/wp-json\/wp\/v2\/product\/11373","targetHints":{"allow":["GET"]}}],"collection":[{"href":"https:\/\/www.romeoviganotti.com\/fr\/wp-json\/wp\/v2\/product"}],"about":[{"href":"https:\/\/www.romeoviganotti.com\/fr\/wp-json\/wp\/v2\/types\/product"}],"wp:featuredmedia":[{"embeddable":true,"href":"https:\/\/www.romeoviganotti.com\/fr\/wp-json\/wp\/v2\/media\/11380"}],"wp:attachment":[{"href":"https:\/\/www.romeoviganotti.com\/fr\/wp-json\/wp\/v2\/media?parent=11373"}],"wp:term":[{"taxonomy":"product_brand","embeddable":true,"href":"https:\/\/www.romeoviganotti.com\/fr\/wp-json\/wp\/v2\/product_brand?post=11373"},{"taxonomy":"product_cat","embeddable":true,"href":"https:\/\/www.romeoviganotti.com\/fr\/wp-json\/wp\/v2\/product_cat?post=11373"},{"taxonomy":"product_tag","embeddable":true,"href":"https:\/\/www.romeoviganotti.com\/fr\/wp-json\/wp\/v2\/product_tag?post=11373"}],"curies":[{"name":"wp","href":"https:\/\/api.w.org\/{rel}","templated":true}]}}