{"id":11319,"date":"2021-10-27T21:33:20","date_gmt":"2023-11-14T14:59:30","guid":{"rendered":"https:\/\/www.romeoviganotti.com\/prodotto\/tablette-chocolat-blanc\/"},"modified":"2023-11-14T15:59:30","modified_gmt":"2023-11-14T14:59:30","slug":"tablette-chocolat-blanc","status":"publish","type":"product","link":"https:\/\/www.romeoviganotti.com\/fr\/prodotto\/tablette-chocolat-blanc\/","title":{"rendered":"Barre de chocolat blanc"},"content":{"rendered":"","protected":false},"excerpt":{"rendered":"<p><span style=\"font-weight: 400;\">Tablette de chocolat blanc : le chocolat le plus sucr\u00e9 et le plus populaire aupr\u00e8s des enfants selon Viganotti. Des ingr\u00e9dients et un savoir-faire de qualit\u00e9 sup\u00e9rieure sont associ\u00e9s \u00e0 la masse de cacao la plus fine. Le r\u00e9sultat ? Une saveur d\u00e9licieuse qui s\u00e9duira tout le monde.  <\/span><span style=\"font-weight: 400;\"><br \/>\n<\/span><\/p>\n","protected":false},"featured_media":11327,"template":"","meta":{"_et_pb_use_builder":"off","_et_pb_old_content":"","_et_gb_content_width":""},"product_brand":[],"product_cat":[270],"product_tag":[],"class_list":{"0":"post-11319","1":"product","2":"type-product","3":"status-publish","4":"has-post-thumbnail","6":"product_cat-chocolat","8":"first","9":"instock","10":"shipping-taxable","11":"purchasable","12":"product-type-variable"},"jetpack_sharing_enabled":true,"_links":{"self":[{"href":"https:\/\/www.romeoviganotti.com\/fr\/wp-json\/wp\/v2\/product\/11319","targetHints":{"allow":["GET"]}}],"collection":[{"href":"https:\/\/www.romeoviganotti.com\/fr\/wp-json\/wp\/v2\/product"}],"about":[{"href":"https:\/\/www.romeoviganotti.com\/fr\/wp-json\/wp\/v2\/types\/product"}],"wp:featuredmedia":[{"embeddable":true,"href":"https:\/\/www.romeoviganotti.com\/fr\/wp-json\/wp\/v2\/media\/11327"}],"wp:attachment":[{"href":"https:\/\/www.romeoviganotti.com\/fr\/wp-json\/wp\/v2\/media?parent=11319"}],"wp:term":[{"taxonomy":"product_brand","embeddable":true,"href":"https:\/\/www.romeoviganotti.com\/fr\/wp-json\/wp\/v2\/product_brand?post=11319"},{"taxonomy":"product_cat","embeddable":true,"href":"https:\/\/www.romeoviganotti.com\/fr\/wp-json\/wp\/v2\/product_cat?post=11319"},{"taxonomy":"product_tag","embeddable":true,"href":"https:\/\/www.romeoviganotti.com\/fr\/wp-json\/wp\/v2\/product_tag?post=11319"}],"curies":[{"name":"wp","href":"https:\/\/api.w.org\/{rel}","templated":true}]}}