{"id":11128,"date":"2021-11-09T12:17:10","date_gmt":"2021-11-09T11:17:10","guid":{"rendered":"https:\/\/www.romeoviganotti.com\/prodotto\/panettone\/"},"modified":"2023-11-14T15:58:41","modified_gmt":"2023-11-14T14:58:41","slug":"panettone","status":"publish","type":"product","link":"https:\/\/www.romeoviganotti.com\/fr\/prodotto\/panettone\/","title":{"rendered":"Panettone"},"content":{"rendered":"<p class=\"p1\">Panettone : le symbole sucr\u00e9 de No\u00ebl. Nous m\u00e9langeons une pinc\u00e9e de go\u00fbt personnel et notre propre levain dans nos g\u00e2teaux artisanaux.<\/p>\n","protected":false},"excerpt":{"rendered":"<div>Le doux symbole de No\u00ebl, interpr\u00e9t\u00e9 selon Viganotti. Nous m\u00e9langeons une pinc\u00e9e de go\u00fbt personnel et notre propre levain pour obtenir un pr\u00e9cieux levain, rendu unique par 48 heures de levage naturel et des ingr\u00e9dients de premi\u00e8re qualit\u00e9.<\/div>\n<div><\/div>\n<div>Disponible en trois versions irr\u00e9sistibles : Classique, Chocolat (avec des p\u00e9pites de chocolat noir \u00e0 65% de notre propre production, des m\u00e9langes d&rsquo;Ouganda, de R\u00e9publique dominicaine et d&rsquo;\u00c9quateur) ou Quatre Saisons (quatre variantes pour quatre segments : orange et raisins secs, chocolat, figues et noix, marron glac\u00e9).<\/div>\n<div><\/div>\n","protected":false},"featured_media":11136,"template":"","meta":{"_et_pb_use_builder":"","_et_pb_old_content":"","_et_gb_content_width":""},"product_brand":[],"product_cat":[273],"product_tag":[],"class_list":{"0":"post-11128","1":"product","2":"type-product","3":"status-publish","4":"has-post-thumbnail","6":"product_cat-noel","8":"first","9":"outofstock","10":"shipping-taxable","11":"purchasable","12":"product-type-variable"},"jetpack_sharing_enabled":true,"_links":{"self":[{"href":"https:\/\/www.romeoviganotti.com\/fr\/wp-json\/wp\/v2\/product\/11128","targetHints":{"allow":["GET"]}}],"collection":[{"href":"https:\/\/www.romeoviganotti.com\/fr\/wp-json\/wp\/v2\/product"}],"about":[{"href":"https:\/\/www.romeoviganotti.com\/fr\/wp-json\/wp\/v2\/types\/product"}],"wp:featuredmedia":[{"embeddable":true,"href":"https:\/\/www.romeoviganotti.com\/fr\/wp-json\/wp\/v2\/media\/11136"}],"wp:attachment":[{"href":"https:\/\/www.romeoviganotti.com\/fr\/wp-json\/wp\/v2\/media?parent=11128"}],"wp:term":[{"taxonomy":"product_brand","embeddable":true,"href":"https:\/\/www.romeoviganotti.com\/fr\/wp-json\/wp\/v2\/product_brand?post=11128"},{"taxonomy":"product_cat","embeddable":true,"href":"https:\/\/www.romeoviganotti.com\/fr\/wp-json\/wp\/v2\/product_cat?post=11128"},{"taxonomy":"product_tag","embeddable":true,"href":"https:\/\/www.romeoviganotti.com\/fr\/wp-json\/wp\/v2\/product_tag?post=11128"}],"curies":[{"name":"wp","href":"https:\/\/api.w.org\/{rel}","templated":true}]}}