{"id":11097,"date":"2022-11-24T08:45:28","date_gmt":"2022-11-24T07:45:28","guid":{"rendered":"https:\/\/www.romeoviganotti.com\/prodotto\/emballage-boeri\/"},"modified":"2023-11-14T15:58:40","modified_gmt":"2023-11-14T14:58:40","slug":"emballage-boeri","status":"publish","type":"product","link":"https:\/\/www.romeoviganotti.com\/fr\/prodotto\/emballage-boeri\/","title":{"rendered":"Emballage Boeri"},"content":{"rendered":"","protected":false},"excerpt":{"rendered":"<p>L&rsquo;un des produits les plus appr\u00e9ci\u00e9s de Viganotti, dans un paquet de 12 qui met l&rsquo;eau \u00e0 la bouche. Chaque boero est le r\u00e9sultat d&rsquo;un travail artisanal et est cr\u00e9\u00e9 \u00e0 partir de la combinaison des meilleures cerises de l&rsquo;esprit et de notre chocolat.<\/p>\n","protected":false},"featured_media":11105,"template":"","meta":{"_et_pb_use_builder":"","_et_pb_old_content":"","_et_gb_content_width":""},"product_brand":[],"product_cat":[270,271,273],"product_tag":[],"class_list":{"0":"post-11097","1":"product","2":"type-product","3":"status-publish","4":"has-post-thumbnail","6":"product_cat-chocolat","7":"product_cat-emballages-et-boites","8":"product_cat-noel","10":"first","11":"outofstock","12":"shipping-taxable","13":"purchasable","14":"product-type-simple"},"jetpack_sharing_enabled":true,"_links":{"self":[{"href":"https:\/\/www.romeoviganotti.com\/fr\/wp-json\/wp\/v2\/product\/11097","targetHints":{"allow":["GET"]}}],"collection":[{"href":"https:\/\/www.romeoviganotti.com\/fr\/wp-json\/wp\/v2\/product"}],"about":[{"href":"https:\/\/www.romeoviganotti.com\/fr\/wp-json\/wp\/v2\/types\/product"}],"wp:featuredmedia":[{"embeddable":true,"href":"https:\/\/www.romeoviganotti.com\/fr\/wp-json\/wp\/v2\/media\/11105"}],"wp:attachment":[{"href":"https:\/\/www.romeoviganotti.com\/fr\/wp-json\/wp\/v2\/media?parent=11097"}],"wp:term":[{"taxonomy":"product_brand","embeddable":true,"href":"https:\/\/www.romeoviganotti.com\/fr\/wp-json\/wp\/v2\/product_brand?post=11097"},{"taxonomy":"product_cat","embeddable":true,"href":"https:\/\/www.romeoviganotti.com\/fr\/wp-json\/wp\/v2\/product_cat?post=11097"},{"taxonomy":"product_tag","embeddable":true,"href":"https:\/\/www.romeoviganotti.com\/fr\/wp-json\/wp\/v2\/product_tag?post=11097"}],"curies":[{"name":"wp","href":"https:\/\/api.w.org\/{rel}","templated":true}]}}