{"id":11092,"date":"2022-11-24T10:12:47","date_gmt":"2023-11-14T14:58:39","guid":{"rendered":"https:\/\/www.romeoviganotti.com\/prodotto\/tartinable-et-nougat\/"},"modified":"2023-11-14T15:58:39","modified_gmt":"2023-11-14T14:58:39","slug":"tartinable-et-nougat","status":"publish","type":"product","link":"https:\/\/www.romeoviganotti.com\/fr\/prodotto\/tartinable-et-nougat\/","title":{"rendered":"P\u00e2te \u00e0 tartiner et nougat"},"content":{"rendered":"<p><span style=\"font-family: Helvetica Neue; font-size: small;\">Deux d\u00e9lices authentiques sont pr\u00e9sent\u00e9s dans un tr\u00e8s joli emballage, qui ressemble presque \u00e0 un sac \u00e0 main : un nougat de 100 g et une de nos p\u00e2tes \u00e0 tartiner de 100 g au choix (noisette avec ou sans lait, ou fondant).<\/span><\/p>\n","protected":false},"excerpt":{"rendered":"<p><span style=\"font-family: Helvetica Neue; font-size: small;\">Deux d\u00e9lices authentiques sont pr\u00e9sent\u00e9s dans un tr\u00e8s joli emballage, qui ressemble presque \u00e0 un sac \u00e0 main : un nougat de 100 g et une de nos p\u00e2tes \u00e0 tartiner de 100 g au choix (noisette avec ou sans lait, ou fondant).<\/span><\/p>\n","protected":false},"featured_media":11099,"template":"","meta":{"_et_pb_use_builder":"","_et_pb_old_content":"","_et_gb_content_width":""},"product_brand":[],"product_cat":[270,271,273],"product_tag":[],"class_list":{"0":"post-11092","1":"product","2":"type-product","3":"status-publish","4":"has-post-thumbnail","6":"product_cat-chocolat","7":"product_cat-emballages-et-boites","8":"product_cat-noel","10":"first","11":"outofstock","12":"shipping-taxable","13":"purchasable","14":"product-type-variable"},"jetpack_sharing_enabled":true,"_links":{"self":[{"href":"https:\/\/www.romeoviganotti.com\/fr\/wp-json\/wp\/v2\/product\/11092","targetHints":{"allow":["GET"]}}],"collection":[{"href":"https:\/\/www.romeoviganotti.com\/fr\/wp-json\/wp\/v2\/product"}],"about":[{"href":"https:\/\/www.romeoviganotti.com\/fr\/wp-json\/wp\/v2\/types\/product"}],"wp:featuredmedia":[{"embeddable":true,"href":"https:\/\/www.romeoviganotti.com\/fr\/wp-json\/wp\/v2\/media\/11099"}],"wp:attachment":[{"href":"https:\/\/www.romeoviganotti.com\/fr\/wp-json\/wp\/v2\/media?parent=11092"}],"wp:term":[{"taxonomy":"product_brand","embeddable":true,"href":"https:\/\/www.romeoviganotti.com\/fr\/wp-json\/wp\/v2\/product_brand?post=11092"},{"taxonomy":"product_cat","embeddable":true,"href":"https:\/\/www.romeoviganotti.com\/fr\/wp-json\/wp\/v2\/product_cat?post=11092"},{"taxonomy":"product_tag","embeddable":true,"href":"https:\/\/www.romeoviganotti.com\/fr\/wp-json\/wp\/v2\/product_tag?post=11092"}],"curies":[{"name":"wp","href":"https:\/\/api.w.org\/{rel}","templated":true}]}}