{"id":14657,"date":"2025-11-10T13:06:56","date_gmt":"2025-11-10T12:06:56","guid":{"rendered":"https:\/\/www.romeoviganotti.com\/?post_type=product&#038;p=14657"},"modified":"2025-11-27T14:14:41","modified_gmt":"2025-11-27T13:14:41","slug":"confezione-baci-di-dama","status":"publish","type":"product","link":"https:\/\/www.romeoviganotti.com\/en\/prodotto\/confezione-baci-di-dama\/","title":{"rendered":"Confezione Baci di Dama"},"content":{"rendered":"","protected":false},"excerpt":{"rendered":"<p>I baci di dama sono dei biscotti originari del Piemonte, e pi\u00f9 precisamente della citt\u00e0 di Tortona dove nacquero un secolo fa, chiamati cos\u00ec perch\u00e9 composti da due calotte di pasta unite dal cioccolato che richiamano due labbra intente a baciare<\/p>\n","protected":false},"featured_media":14658,"template":"","meta":{"_et_pb_use_builder":"","_et_pb_old_content":"","_et_gb_content_width":""},"product_brand":[],"product_cat":[221],"product_tag":[],"class_list":{"0":"post-14657","1":"product","2":"type-product","3":"status-publish","4":"has-post-thumbnail","6":"product_cat-confezioni-scatole","8":"first","9":"outofstock","10":"shipping-taxable","11":"purchasable","12":"product-type-simple"},"jetpack_sharing_enabled":true,"_links":{"self":[{"href":"https:\/\/www.romeoviganotti.com\/en\/wp-json\/wp\/v2\/product\/14657","targetHints":{"allow":["GET"]}}],"collection":[{"href":"https:\/\/www.romeoviganotti.com\/en\/wp-json\/wp\/v2\/product"}],"about":[{"href":"https:\/\/www.romeoviganotti.com\/en\/wp-json\/wp\/v2\/types\/product"}],"wp:featuredmedia":[{"embeddable":true,"href":"https:\/\/www.romeoviganotti.com\/en\/wp-json\/wp\/v2\/media\/14658"}],"wp:attachment":[{"href":"https:\/\/www.romeoviganotti.com\/en\/wp-json\/wp\/v2\/media?parent=14657"}],"wp:term":[{"taxonomy":"product_brand","embeddable":true,"href":"https:\/\/www.romeoviganotti.com\/en\/wp-json\/wp\/v2\/product_brand?post=14657"},{"taxonomy":"product_cat","embeddable":true,"href":"https:\/\/www.romeoviganotti.com\/en\/wp-json\/wp\/v2\/product_cat?post=14657"},{"taxonomy":"product_tag","embeddable":true,"href":"https:\/\/www.romeoviganotti.com\/en\/wp-json\/wp\/v2\/product_tag?post=14657"}],"curies":[{"name":"wp","href":"https:\/\/api.w.org\/{rel}","templated":true}]}}